{"id":893,"date":"2023-09-13T20:54:49","date_gmt":"2023-09-13T20:54:49","guid":{"rendered":"https:\/\/noresa.es\/?page_id=893"},"modified":"2023-11-08T10:51:04","modified_gmt":"2023-11-08T10:51:04","slug":"productos","status":"publish","type":"page","link":"https:\/\/noresa.es\/ca\/productos\/","title":{"rendered":"Productos"},"content":{"rendered":"<div data-elementor-type=\"wp-page\" data-elementor-id=\"893\" class=\"elementor elementor-893\">\n\t\t\t\t\t\t<div class=\"elementor-inner\">\n\t\t\t\t<div class=\"elementor-section-wrap\">\n\t\t\t\t\t\t\t\t\t<section class=\"elementor-section elementor-top-section elementor-element elementor-element-3fc0991 elementor-section-boxed elementor-section-height-default elementor-section-height-default\" data-id=\"3fc0991\" data-element_type=\"section\">\n\t\t\t\t\t\t<div class=\"elementor-container elementor-column-gap-default\">\n\t\t\t\t\t\t\t<div class=\"elementor-row\">\n\t\t\t\t\t<div class=\"aux-parallax-section elementor-column elementor-col-100 elementor-top-column elementor-element elementor-element-7624aa8\" data-id=\"7624aa8\" data-element_type=\"column\">\n\t\t\t<div class=\"elementor-column-wrap elementor-element-populated\">\n\t\t\t\t\t\t\t<div class=\"elementor-widget-wrap\">\n\t\t\t\t\t\t<div class=\"elementor-element elementor-element-4a88857 elementor-widget elementor-widget-aux_product_grid\" data-id=\"4a88857\" data-element_type=\"widget\" data-settings=\"{&quot;columns&quot;:&quot;4&quot;}\" data-widget_type=\"aux_product_grid.default\">\n\t\t\t\t<div class=\"elementor-widget-container\">\n\t\t\t<div class='woocommerce woocommerce-page aux-shop-archive'><ul class=\"products columns-4\">\n<li class=\"product type-product post-892 status-publish first instock product_cat-uncategorized has-post-thumbnail shipping-taxable purchasable product-type-simple aux-remove-view-cart\">\n\t<a href=\"https:\/\/noresa.es\/ca\/product\/panel-sanwich-50m2\/\"><h2 class=\"woocommerce-loop-product__title\">Panel sanwich 50m2<\/h2><\/a><\/li>\n<li class=\"product type-product post-891 status-publish instock product_cat-uncategorized has-post-thumbnail shipping-taxable purchasable product-type-simple aux-remove-view-cart\">\n\t<a href=\"https:\/\/noresa.es\/ca\/product\/panel-cubierta-50m2\/\"><h2 class=\"woocommerce-loop-product__title\">Panel Cubierta 50m2<\/h2><\/a><\/li>\n<li class=\"product type-product post-889 status-publish instock product_cat-uncategorized has-post-thumbnail shipping-taxable purchasable product-type-simple aux-remove-view-cart\">\n\t<a href=\"https:\/\/noresa.es\/ca\/product\/panel-cubierta-100m2\/\"><h2 class=\"woocommerce-loop-product__title\">Panel Cubierta 100m2<\/h2><\/a><\/li>\n<li class=\"product type-product post-887 status-publish last instock product_cat-uncategorized has-post-thumbnail shipping-taxable purchasable product-type-simple aux-remove-view-cart\">\n\t<a href=\"https:\/\/noresa.es\/ca\/product\/panel-sanwich-100m2\/\"><h2 class=\"woocommerce-loop-product__title\">Panel sanwich 100m2<\/h2><\/a><\/li>\n<\/ul>\n<\/div>\t\t<\/div>\n\t\t\t\t<\/div>\n\t\t\t\t<div class=\"elementor-element elementor-element-f42e46a elementor-widget elementor-widget-text-editor\" data-id=\"f42e46a\" data-element_type=\"widget\" data-widget_type=\"text-editor.default\">\n\t\t\t\t<div class=\"elementor-widget-container\">\n\t\t\t\t\t\t\t\t<div class=\"elementor-text-editor elementor-clearfix\">\n\t\t\t\t<p>P\u00e1gina <strong>1<\/strong> de <strong>1<\/strong> | Categor\u00eda <strong>Productos<\/strong> | <strong>4<\/strong> productos de <strong>4<\/strong><\/p>\t\t\t\t\t<\/div>\n\t\t\t\t\t\t<\/div>\n\t\t\t\t<\/div>\n\t\t\t\t\t\t<\/div>\n\t\t\t\t\t<\/div>\n\t\t<\/div>\n\t\t\t\t\t\t\t\t<\/div>\n\t\t\t\t\t<\/div>\n\t\t<\/section>\n\t\t\t\t\t\t\t\t\t<\/div>\n\t\t\t<\/div>\n\t\t\t\t\t<\/div>","protected":false},"excerpt":{"rendered":"<p>Panel sanwich 50m2 Valorado en 0 de 5 &#36;4,500.00 A\u00f1adir al carrito Panel Cubierta 50m2 Valorado en 0 de 5 &#36;3,500.00 A\u00f1adir al carrito Panel Cubierta 100m2 Valorado en 0 de 5 &#36;5,500.00 A\u00f1adir al carrito Panel sanwich 100m2 Valorado en 0 de 5 &#36;7,500.00 A\u00f1adir al carrito P\u00e1gina 1 de 1 | Categor\u00eda Productos [&hellip;]<\/p>","protected":false},"author":1,"featured_media":0,"parent":0,"menu_order":0,"comment_status":"closed","ping_status":"closed","template":"","meta":{"_eb_attr":"","footnotes":""},"class_list":["post-893","page","type-page","status-publish","hentry"],"_links":{"self":[{"href":"https:\/\/noresa.es\/ca\/wp-json\/wp\/v2\/pages\/893","targetHints":{"allow":["GET"]}}],"collection":[{"href":"https:\/\/noresa.es\/ca\/wp-json\/wp\/v2\/pages"}],"about":[{"href":"https:\/\/noresa.es\/ca\/wp-json\/wp\/v2\/types\/page"}],"author":[{"embeddable":true,"href":"https:\/\/noresa.es\/ca\/wp-json\/wp\/v2\/users\/1"}],"replies":[{"embeddable":true,"href":"https:\/\/noresa.es\/ca\/wp-json\/wp\/v2\/comments?post=893"}],"version-history":[{"count":8,"href":"https:\/\/noresa.es\/ca\/wp-json\/wp\/v2\/pages\/893\/revisions"}],"predecessor-version":[{"id":909,"href":"https:\/\/noresa.es\/ca\/wp-json\/wp\/v2\/pages\/893\/revisions\/909"}],"wp:attachment":[{"href":"https:\/\/noresa.es\/ca\/wp-json\/wp\/v2\/media?parent=893"}],"curies":[{"name":"wp","href":"https:\/\/api.w.org\/{rel}","templated":true}]}}