{"id":867,"date":"2023-09-05T11:42:15","date_gmt":"2023-09-05T11:42:15","guid":{"rendered":"https:\/\/noresa.es\/?page_id=867"},"modified":"2023-09-05T11:49:06","modified_gmt":"2023-09-05T11:49:06","slug":"politica-de-privacidad","status":"publish","type":"page","link":"https:\/\/noresa.es\/ca\/politica-de-privacidad\/","title":{"rendered":"Pol\u00edtica de privadesa"},"content":{"rendered":"<h1 class=\"wp-block-heading\">Pol\u00edtica de privadesa<\/h1>\n\n\n\n<p>D'acord amb la Llei Org\u00e0nica 3\/2018 LOPD-GDD i amb el Reglament Europeu RGPD de Protecci\u00f3 de Dades personals, hem actualitzat la nostra Pol\u00edtica de Privadesa. En aquesta web es respecten i cuiden les dades personals dels usuaris. Com a usuari has de saber que els teus drets estan garantits.<\/p>\n\n\n\n<p>Cal advertir que aquesta Pol\u00edtica de Privadesa podria variar en funci\u00f3 d'exig\u00e8ncies legislatives o d'autoregulaci\u00f3, per la qual cosa s'aconsella als usuaris que la visitin peri\u00f2dicament. \u00c9s aplicable en cas que els usuaris decideixin emplenar algun formulari de qualsevol dels seus formularis de contacte que es demanen dades de car\u00e0cter personal.<\/p>\n\n\n\n<p>Noresa Engineering Group Sl ha adequat aquest web a les exig\u00e8ncies de la Llei Org\u00e0nica 3\/2018 LOPD-GDD i al Reglament (UE) 2016\/679 del Parlament Europeu i del Consell de 27 d'abril del 2016 relatiu a la protecci\u00f3 de les persones f\u00edsiques RGPD, aix\u00ed com amb la Llei 34\/2002 de 11 de juliol, de Serveis de la Societat de la Informaci\u00f3 i Comer\u00e7 Electr\u00f2nic LSSICE.<\/p>\n\n\n\n<p><strong>Responsable del tractament de les teves dades personals<\/strong><strong>.<\/strong><\/p>\n\n\n\n<ul class=\"wp-block-list\">\n<li><strong>Identitat del Responsable<\/strong>: Noresa Engineering Group Sl<\/li>\n\n\n\n<li><strong>NIF<\/strong>: B66283391<\/li>\n\n\n\n<li><strong>Correu electr\u00f2nic<\/strong>: noresa@noresa.com<\/li>\n\n\n\n<li><strong>Web<\/strong>: www.noresa.es<\/li>\n\n\n\n<li><strong>Tel\u00e9fon<\/strong>: 93 829 60 68<\/li>\n<\/ul>\n\n\n\n<p><strong>Principis que aplicarem a la teva informaci\u00f3<\/strong><strong>.<\/strong><\/p>\n\n\n\n<p>En el tractament de les teves dades personals, aplicarem els principis seg\u00fcents que s'ajusten a les exig\u00e8ncies del nou reglament europeu de protecci\u00f3 de dades:<\/p>\n\n\n\n<p>Principi de licitud, lleialtat i transpar\u00e8ncia: sempre requerirem el seu consentiment per al tractament de les teves dades personals per a un o diversos fins espec\u00edfics que t'informarem pr\u00e8viament amb absoluta transpar\u00e8ncia.<\/p>\n\n\n\n<p>Principi de minimitzaci\u00f3 de dades: nom\u00e9s sol\u00b7licitarem dades estrictament necess\u00e0ries en relaci\u00f3 amb les finalitats per a les quals les requerim.<\/p>\n\n\n\n<p>Principi de limitaci\u00f3 del termini de conservaci\u00f3: les dades seran mantingudes durant no m\u00e9s temps del necessari per als fins del tractament, en funci\u00f3 de la finalitat, us informarem del termini de conservaci\u00f3 corresponent, en el cas de subscripcions, peri\u00f2dicament revisem les nostres llistes i eliminem aquells registres inactius durant un temps considerable.<\/p>\n\n\n\n<p>Principi d'integritat i confidencialitat: les teves dades seran tractades de manera que es garanteixi una seguretat adequada de les dades personals i es garanteixi confidencialitat. Prenem totes les precaucions necess\u00e0ries per evitar l'acc\u00e9s no autoritzat o \u00fas indegut de les dades dels nostres usuaris per part de tercers.<\/p>\n\n\n\n<p><strong>Com hem obtingut les dades?<\/strong><\/p>\n\n\n\n<p>Les dades personals que tractem procedeixen de:<\/p>\n\n\n\n<ul class=\"wp-block-list\">\n<li>Formulari de contacte.<\/li>\n\n\n\n<li>Tel\u00e8fon.<\/li>\n\n\n\n<li>Web.<\/li>\n\n\n\n<li>Activitats.<\/li>\n\n\n\n<li>E-mail.<\/li>\n\n\n\n<li>Visites.<\/li>\n<\/ul>\n\n\n\n<p><strong>Quins s\u00f3n els teus drets quan ens facilites les dades?<\/strong><\/p>\n\n\n\n<p>Els interessats tenen dret a:<\/p>\n\n\n\n<ul class=\"wp-block-list\">\n<li>Sol\u00b7licitar l'acc\u00e9s a les dades personals relatives a la persona interessada.<\/li>\n\n\n\n<li>Sol\u00b7licitar-ne la rectificaci\u00f3.<\/li>\n\n\n\n<li>Sol\u00b7licitar la baixa de la nostra base de dades.<\/li>\n\n\n\n<li>Sol\u00b7licitar la limitaci\u00f3 del tractament.<\/li>\n\n\n\n<li>Oposar-se al tractament.<\/li>\n<\/ul>\n\n\n\n<p>Els interessats poden accedir a les seves dades personals, aix\u00ed com a sol\u00b7licitar la rectificaci\u00f3 de les dades inexactes o, si escau, sol\u00b7licitar la seva eliminaci\u00f3 quan, entre altres motius, les dades ja no siguin necess\u00e0ries per als fins que van ser recollides. En determinades circumst\u00e0ncies, els interessats podran sol\u00b7licitar la limitaci\u00f3 del tractament de les vostres dades, en aquest cas \u00fanicament les conservarem per a l'exercici o la defensa de reclamacions. En determinades circumst\u00e0ncies i per motius relacionats amb la seva situaci\u00f3 particular, els interessats podran oposar-se al tractament de les seves dades. Noresa Engineering Group Sl deixar\u00e0 de tractar les dades, excepte per motius leg\u00edtims imperiosos, o l'exercici o la defensa de possibles reclamacions. Com a interessat, tens dret a rebre les dades personals que t'incumbeixin, que ens hagis facilitat i en un format estructurat, d'\u00fas com\u00fa i lectura mec\u00e0nica, i transmetre'ls a un altre responsable del tractament quan:<\/p>\n\n\n\n<ul class=\"wp-block-list\">\n<li>El tractament estigui basat en el consentiment.<\/li>\n\n\n\n<li>Les dades hagin estat facilitades per linteressat.<\/li>\n\n\n\n<li>El tractament es fa per mitjans automatitzats.<\/li>\n<\/ul>\n\n\n\n<p>Els interessats tamb\u00e9 tenen dret a la tutela judicial efectiva ia presentar una reclamaci\u00f3 davant de l'autoritat de control, en aquest cas, l'Ag\u00e8ncia Espanyola de Protecci\u00f3 de Dades, si consideren que el tractament de dades personals que li concerneixen infringeix el Reglament.<\/p>\n\n\n\n<p><strong>Amb quina finalitat tractem les vostres dades personals?<\/strong><\/p>\n\n\n\n<p>Les vostres dades personals nom\u00e9s s'utilitzaran per a les seg\u00fcents finalitats:<\/p>\n\n\n\n<ul class=\"wp-block-list\">\n<li>Realitzar les gestions comercials i administratives necess\u00e0ries amb els usuaris de la web.<\/li>\n\n\n\n<li>Enviar les comunicacions comercials publicit\u00e0ries per correu electr\u00f2nic, fax, SMS, MMS, comunitats socials o qualsevol altre mitj\u00e0 electr\u00f2nic o f\u00edsic, en cas que l'Usuari hagi consentit expressament l'enviament de comunicacions comercials per via electr\u00f2nica mitjan\u00e7ant la subscripci\u00f3 de la newsletter.<\/li>\n\n\n\n<li>Respondre les consultes i\/o proporcionar informacions requerides per l'Usuari;<\/li>\n\n\n\n<li>Realitzar les prestacions de serveis i productes contractats o subscrits per l'Usuari<\/li>\n\n\n\n<li>Utilitzar les dades per contactar-nos, tant per via electr\u00f2nica com per electr\u00f2nica, per obtenir la seva opini\u00f3 sobre el servei prestat.<\/li>\n\n\n\n<li>Notificar canvis, desenvolupaments importants de la pol\u00edtica de privadesa, av\u00eds legal o pol\u00edtica de cookies.<\/li>\n\n\n\n<li>Les dades de clients i\/o prove\u00efdors seran tractades, dins de la relaci\u00f3 contractual que les vincula amb el responsable, en compliment de les obligacions administratives, fiscals, comptables i laborals que siguin necess\u00e0ries en virtut de la legislaci\u00f3 vigent.<\/li>\n<\/ul>\n\n\n\n<p>Podeu revocar en qualsevol moment el vostre consentiment remetent un escrit amb l'assumpte \u201cBaixa\u201d a noresa@noresa.com.<\/p>\n\n\n\n<p>D'acord amb la LSSICE, Noresa Engineering Group Sl no realitza pr\u00e0ctiques de SPAM, per tant, no envia correus comercials per correu electr\u00f2nic que no hagin estat pr\u00e8viament sol\u00b7licitats o autoritzats per l'Usuari. En conseq\u00fc\u00e8ncia, a totes les comunicacions que rebr\u00e0 de prestador, l'usuari t\u00e9 la possibilitat de cancel\u00b7lar el seu consentiment expr\u00e9s per rebre les nostres comunicacions.<\/p>\n\n\n\n<p>No tractarem les vostres dades personals per a cap altre fi de les descrites excepte per obligaci\u00f3 legal o requeriment judicial.<\/p>\n\n\n\n<p>D'acord amb all\u00f2 establert a la Llei Org\u00e0nica 3\/2018 (LOPD-GDD) i al Reglament General de protecci\u00f3 de dades europeu (RGPD) 2016\/679, Noresa Engineering Group Sl ser\u00e0 responsable del tractament de les dades corresponents a Usuaris de la web i subscriptors. Noresa Engineering Group Sl no ven, lloga o cedeix dades de car\u00e0cter personal que puguin identificar l'usuari, ni ho far\u00e0 en el futur, a tercers sense el consentiment previ. Sempre es realitzar\u00e0 amb els est\u00e0ndards de seguretat m\u00e9s estrictes.<\/p>\n\n\n\n<p><strong>Enviar un missatge de correu electr\u00f2nic a efectes de contacte<\/strong><strong>.<\/strong><\/p>\n\n\n\n<p>Un cas especial de tractament de dades a Noresa Engineering Group Sl, es refereix als missatges de correu electr\u00f2nic que els usuaris envien per contactar amb la nostra empresa per fer preguntes sobre els nostres productes. Encara que hi ha un formulari de captaci\u00f3 de dades, a efectes de contacte, els usuaris poden tamb\u00e9 enviar missatges de correu electr\u00f2nic. Amb aquesta finalitat, Noresa Engineering Group Sl empra el sistema de correu electr\u00f2nic Gmail (Google). Els missatges dels usuaris amb aquest prop\u00f2sit queden emmagatzemats al compte de Gmail de Noresa Engineering Group Sl i les dades corresponents (email i nom) sota la pol\u00edtica de privadesa de Google. Les dades emmagatzemades al compte de Gmail ni se cedeixen ni es comparteixen amb ning\u00fa; i pots exercir els teus drets legals, segons s'especifica en aquesta pol\u00edtica de privadesa.<\/p>\n\n\n\n<p><strong>Legitimaci\u00f3 per al tractament de les teves dades<\/strong><strong>.<\/strong><\/p>\n\n\n\n<p>La base legal per al tractament de les dades \u00e9s el consentiment atorgat per dur a terme les finalitats anteriorment descrites, que se sol\u00b7licitar\u00e0 en el moment de marcaci\u00f3 de la casella corresponent a l'hora de recollir les dades.<\/p>\n\n\n\n<p>No facilitar les dades personals sol\u00b7licitades o no acceptar aquesta pol\u00edtica de protecci\u00f3 de dades suposa la impossibilitat de subscriure's, registrar-se o rebre informaci\u00f3 dels productes i serveis del prestador.<\/p>\n\n\n\n<p>Per contactar o enviar formularis a aquesta web es requereix el consentiment d'aquesta Pol\u00edtica de privadesa. L'oferta prospectiva o comercial de productes i serveis est\u00e0 basada en el consentiment que se us demana.<\/p>\n\n\n\n<p>En els casos en qu\u00e8 hi hagi una relaci\u00f3 contractual pr\u00e8via entre les parts, la legitimaci\u00f3 per al desenvolupament de les obligacions administratives, fiscals, comptables i laborals que siguin necess\u00e0ries en virtut de la legislaci\u00f3 vigent ser\u00e0 l'exist\u00e8ncia pr\u00e8via de la relaci\u00f3 comercial establerta entre les parts. . En els casos en qu\u00e8 hi hagi una relaci\u00f3 contractual pr\u00e8via entre les parts, la legitimaci\u00f3 per al desenvolupament de les obligacions administratives, fiscals, comptables i laborals que siguin necess\u00e0ries en virtut de la legislaci\u00f3 vigent ser\u00e0 l'exist\u00e8ncia pr\u00e8via de la relaci\u00f3 comercial establerta entre les parts. .<\/p>\n\n\n\n<p><strong>Categoria de les dades<\/strong><\/p>\n\n\n\n<p>Les categories de dades que es tracten s\u00f3n dades identificatives. Poden tractar-se i es tracten categories de dades especialment protegides.<\/p>\n\n\n\n<p><strong>Per quant de temps conservarem les teves dades?<\/strong><\/p>\n\n\n\n<p>Les dades personals proporcionades es conservaran fins que l'interessat no la sol\u00b7liciti la baixa.<\/p>\n\n\n\n<p><strong>A quins destinataris es comunicaran les vostres dades?<\/strong><\/p>\n\n\n\n<p>Moltes eines que utilitzem per gestionar les teves dades s\u00f3n contractades per tercers. Per prestar serveis estrictament necessaris per al desenvolupament de l'activitat, Noresa Engineering Group Sl, comparteix dades amb els seg\u00fcents prestadors sota les seves corresponents condicions de privadesa:<\/p>\n\n\n\n<p><strong>Google Analytics<\/strong>: un servei anal\u00edtic de web prestat per Google, Inc., una companyia de Delaware l'oficina principal del qual \u00e9s el 1600 Amphitheatre Parkway, Mountain View (Calif\u00f2rnia), CA 94043, Estats Units (\u201cGoogle\u201d). Google Analytics utilitza \u201ccookies\u201d, que s\u00f3n arxius de text ubicats al vostre ordinador, per ajudar a Noresa Engineering Group Sl a analitzar l'\u00fas que fan els usuaris del lloc web. La informaci\u00f3 que genera la galeta sobre el seu \u00fas de Noresa Engineering Group Sl ser\u00e0 directament transmesa i arxivada per Google als servidors dels Estats Units. L'adre\u00e7a IP \u00e9s anonimitzada, per la qual cosa no ser\u00e0 recopilada per Google.<\/p>\n\n\n\n<p><strong>Navegaci\u00f3<\/strong><\/p>\n\n\n\n<p>En navegar per www.noresa.es es poden recollir dades no identificables, que poden incloure, adreces IP, ubicaci\u00f3 geogr\u00e0fica (aproximadament), un registre de com s'utilitzen els serveis i llocs, i altres dades que no poden ser utilitzades per identificar el usuari. Entre les dades no identificatives hi ha tamb\u00e9 les relacionades amb els teus h\u00e0bits de navegaci\u00f3 a trav\u00e9s de serveis de tercers.<\/p>\n\n\n\n<p>Aquest web utilitza els seg\u00fcents serveis d'an\u00e0lisi de tercers:<\/p>\n\n\n\n<p><strong>Google Analytics<\/strong>: Utilitzem aquesta informaci\u00f3 per analitzar tend\u00e8ncies, administrar el lloc, rastrejar els moviments dels usuaris al voltant del lloc i per recopilar informaci\u00f3 demogr\u00e0fica sobre la nostra base d'usuaris en conjunt.<\/p>\n\n\n\n<p><strong>Secret i seguretat de les dades<\/strong><strong>.<\/strong><\/p>\n\n\n\n<p>Noresa Engineering Group Sl es compromet a l'\u00fas i tractament de les dades incloses personals dels usuaris, respectant-ne la confidencialitat ia utilitzar-les d'acord amb la finalitat, aix\u00ed com a donar compliment a la seva obligaci\u00f3 de guardar i adaptar totes les mesures per evitar la alteraci\u00f3, p\u00e8rdua, tractament o acc\u00e9s no autoritzat, de conformitat amb all\u00f2 establert a la normativa vigent de protecci\u00f3 de dades.<\/p>\n\n\n\n<p>Noresa Engineering Group Sl no pot garantir l'absoluta inexpugnabilitat de la xarxa Internet i, per tant, la violaci\u00f3 de les dades mitjan\u00e7ant accessos fraudulents per part de tercers.<\/p>\n\n\n\n<p>Pel que fa a la confidencialitat del processament, Noresa Engineering Group Sl ha d'assegurar-se que qualsevol persona que estigui autoritzada per nosaltres per processar les dades del client (incl\u00f2s el seu personal, col\u00b7laboradors i prestadors), estar\u00e0 sota l'obligaci\u00f3 apropiada de confidencialitat (ja sigui un deure contractual o legal).<\/p>\n\n\n\n<p>Quan es presenti algun incident de seguretat, en adonar-se'n Noresa Engineering Group Sl, notificar\u00e0 al Client sense demores indegudes i ha de proporcionar informaci\u00f3 oportuna relacionada amb l'Incident de Seguretat tal com es conegui o quan el Client ho sol\u00b7liciti raonablement.<\/p>\n\n\n\n<p><strong>Exactitud i veracitat de les dades<\/strong><strong>.<\/strong><\/p>\n\n\n\n<p>Com a usuari, ets l'\u00fanic responsable de la veracitat i correcci\u00f3 de les dades que facis arribar a Noresa Engineering Group Sl exonerant Noresa Engineering Group Sl, de qualsevol responsabilitat al respecte.<\/p>\n\n\n\n<p>Els usuaris garanteixen i responen, en qualsevol cas, de l'exactitud, vig\u00e8ncia i autenticitat de les dades personals facilitades, i es comprometen a mantenir-les degudament actualitzades. L'usuari accepta proporcionar informaci\u00f3 completa i correcta al formulari de contacte o de Cursos i Esdeveniments.<\/p>\n\n\n\n<p><strong>Acceptaci\u00f3 i consentiment<\/strong><strong>.<\/strong><\/p>\n\n\n\n<p>L'usuari declara haver estat informat de les condicions sobre protecci\u00f3 de dades de car\u00e0cter personal, acceptant i consentint-ne el tractament per part de Noresa Engineering Group Sl en la forma i per a les finalitats indicades en aquesta pol\u00edtica de privadesa.<\/p>\n\n\n\n<p><strong>Revocabilitat<\/strong><strong>.<\/strong><\/p>\n\n\n\n<p>El consentiment prestat, tant pel tractament com per a la cessi\u00f3 de les dades dels interessats, \u00e9s revocable en qualsevol moment comunicant-ho a Noresa Engineering Group Sl en els termes establerts en aquesta Pol\u00edtica per a l'exercici dels drets ARCO i els establerts en les diferents normatives vigents. Aquesta revocaci\u00f3 en cap cas no t\u00e9 car\u00e0cter retroactiu.<\/p>\n\n\n\n<p><strong>Canvis en la pol\u00edtica de privadesa<\/strong><strong>.<\/strong><\/p>\n\n\n\n<p>Noresa Engineering Group Sl es reserva el dret a modificar aquesta pol\u00edtica per adaptar-la a novetats legislatives o jurisprudencials, aix\u00ed com a pr\u00e0ctiques de la ind\u00fastria. En aquests sup\u00f2sits, Noresa Engineering Group Sl anunciar\u00e0 en aquesta p\u00e0gina els canvis introdu\u00efts amb una antelaci\u00f3 raonable a la seva posada en pr\u00e0ctica.<\/p>\n\n\n\n<p><strong>Correus comercials<\/strong><strong>.<\/strong><\/p>\n\n\n\n<p>D'acord amb la LSSICE, www.noresa.es no fa pr\u00e0ctiques de SPAM, per la qual cosa no envia correus comercials per via electr\u00f2nica que no hagin estat pr\u00e8viament sol\u00b7licitats o autoritzats per l'usuari.<\/p>\n\n\n\n<p>D'acord amb el que disposa la Llei 34\/2002 de Serveis de la Societat de la Informaci\u00f3 i de comer\u00e7 electr\u00f2nic, www.noresa.es es compromet a no enviar comunicacions de car\u00e0cter comercial sense identificar-les degudament.<\/p>\n\n\n\n<p><strong>Mitjans Oficials de Comunicaci\u00f3<\/strong><strong>.<\/strong><\/p>\n\n\n\n<p>S'informa a l'usuari que els mitjans habilitats per a l'empresa per comunicar-se amb clients i altres afectats s\u00f3n el tel\u00e8fon corporatiu, els tel\u00e8fons m\u00f2bils d'empresa i el correu electr\u00f2nic corporatiu.<\/p>\n\n\n\n<p>Si remet informaci\u00f3 personal a trav\u00e9s d'un mitj\u00e0 de comunicaci\u00f3 diferent dels indicats en aquest apartat, Noresa Engineering Group Sl queda exempta de responsabilitat en relaci\u00f3 amb les mesures de seguretat que disposi el mitj\u00e0 en q\u00fcesti\u00f3.<\/p>\n\n\n\n<p><strong>P\u00edxels.<\/strong><\/p>\n\n\n\n<p>Un p\u00edxel \u00e9s una imatge diminuta que es pot trobar en correus electr\u00f2nics i p\u00e0gines web, i que requereix una trucada (que proporciona informaci\u00f3 sobre el dispositiu i la visita) als nostres servidors perqu\u00e8 aquest p\u00edxel es representi en aquests correus electr\u00f2nics i p\u00e0gines web. Utilitzem p\u00edxels per obtenir m\u00e9s informaci\u00f3 sobre les teves interaccions amb el contingut web i de correu electr\u00f2nic, com si has interactuat amb anuncis o publicacions. Els p\u00edxels tamb\u00e9 ens permeten, a nosaltres ia tercers, col\u00b7locar cookies al teu navegador.<\/p>\n\n\n\n<p><strong>Destinataris de Cessions o Transfer\u00e8ncies<\/strong><strong>.<\/strong><\/p>\n\n\n\n<p>Noresa Engineering Group Sl no duu a terme cap cessi\u00f3 o comunicaci\u00f3 de dades a no ser que hi hagi necessitat raonable per complir amb un procediment judicial, obligaci\u00f3 legal o pr\u00e8via obtenci\u00f3 del consentiment de l'usuari.<\/p>\n\n\n\n<p>Tampoc no es realitzaran transfer\u00e8ncies internacionals de les vostres dades de car\u00e0cter personal sense el vostre consentiment previ sense perjudici de poder bloquejar o cancel\u00b7lar el vostre compte si hi pot haver indicis de la comissi\u00f3 d'algun delicte per part de l'usuari. La informaci\u00f3 facilitada ser\u00e0 nom\u00e9s la que disposi en aquell moment el prestador.<\/p>\n\n\n\n<p>Noresa Engineering Group Sl no cedir\u00e0 les dades recollides a tercers tret que hi hagi necessitat raonable per complir amb un procediment judicial, obligaci\u00f3 legal o pr\u00e8via obtenci\u00f3 del consentiment de l'usuari.<\/p>\n\n\n\n<p><strong>Llengua<\/strong><strong>.<\/strong><\/p>\n\n\n\n<p>L'idioma aplicable a aquesta pol\u00edtica de privadesa \u00e9s el castell\u00e0. Per tant, en cas que hi hagu\u00e9s alguna contradicci\u00f3 en alguna de les versions facilitades en altres idiomes, prevaldr\u00e0 la versi\u00f3 en catal\u00e0.<\/p>\n\n\n\n<p><strong>Legislaci\u00f3<\/strong><strong>.<\/strong><\/p>\n\n\n\n<p>Amb car\u00e0cter general les relacions entre Noresa Engineering Group Sl amb els Usuaris dels seus serveis telem\u00e0tics, presents en aquesta web, estan sotmesos a la legislaci\u00f3 i jurisdicci\u00f3 espanyola a qu\u00e8 se sotmeten expressament les parts, sent competents per a la resoluci\u00f3 de tots els conflictes derivats o relacionats amb el seu \u00fas els jutjats i els tribunals de Barcelona.\u00a0\u00a0\u00a0\u00a0\u00a0\u00a0\u00a0\u00a0\u00a0\u00a0\u00a0\u00a0\u00a0\u00a0\u00a0\u00a0\u00a0\u00a0\u00a0\u00a0\u00a0\u00a0\u00a0\u00a0<\/p>\n\n\n\n<p><strong>Propietat intel\u00b7lectual i industrial<\/strong><strong>.<\/strong><\/p>\n\n\n\n<p>Noresa Engineering Group Sl per si mateixa o com a cession\u00e0ria, \u00e9s titular de tots els drets de propietat intel\u00b7lectual i industrial de la seva p\u00e0gina web, aix\u00ed com dels elements continguts a la mateixa (a t\u00edtol enunciatiu, imatges, so, \u00e0udio, v\u00eddeo, programari o textos, marques o logotips, combinacions de colors, estructura i disseny, selecci\u00f3 de materials usats, programes d'ordinador necessaris per al seu funcionament, acc\u00e9s i \u00fas, etc.), titularitat de Noresa Engineering Group Sl seran, per tant, obres protegides com propietat intel\u00b7lectual per l'ordenament jur\u00eddic espanyol, i els s\u00f3n aplicables tant la normativa espanyola i comunit\u00e0ria en aquest camp, com els tractats internacionals relatius a la mat\u00e8ria i subscrits per Espanya.<\/p>\n\n\n\n<p>Tots els drets reservats. En virtut del que disposa la Llei de propietat intel\u00b7lectual, queden expressament prohibides la reproducci\u00f3, la distribuci\u00f3 i la comunicaci\u00f3 p\u00fablica, inclosa la seva modalitat de posada a disposici\u00f3, de la totalitat o part dels continguts d'aquesta p\u00e0gina web, amb fins comercials, en qualsevol suport i per qualsevol mitj\u00e0 t\u00e8cnic, sense l'autoritzaci\u00f3 de Noresa Engineering Group Sl.<\/p>\n\n\n\n<p>L'usuari es compromet a respectar els drets de Propietat Intel\u00b7lectual i Industrial titularitat de Noresa Engineering Group Sl podr\u00e0 visualitzar els elements del portal i fins i tot imprimir-los, copiar-los i emmagatzemar-los al disc dur del seu ordinador o en qualsevol altre suport f\u00edsic sempre que sigui, \u00fanica i exclusivament, per a \u00fas personal i privat. L'usuari haur\u00e0 d'abstenir-se de suprimir, alterar, eludir o manipular qualsevol dispositiu de protecci\u00f3 o sistema de seguretat que estigu\u00e9s instal\u00b7lat a les p\u00e0gines de Noresa Engineering Group Sl.<\/p>","protected":false},"excerpt":{"rendered":"<p>Pol\u00edtica de privacidad De acuerdo con la Ley Org\u00e1nica 3\/2018 LOPD-GDD y con el Reglamento Europeo RGPD de Protecci\u00f3n de Datos personales, hemos actualizado nuestra Pol\u00edtica de Privacidad. En esta web se respetan y cuidan los datos personales de los usuarios. Como usuario debes saber que tus derechos est\u00e1n garantizados. Hay que advertir que esta [&hellip;]<\/p>","protected":false},"author":1,"featured_media":0,"parent":0,"menu_order":0,"comment_status":"closed","ping_status":"closed","template":"","meta":{"_eb_attr":"","footnotes":""},"class_list":["post-867","page","type-page","status-publish","hentry"],"_links":{"self":[{"href":"https:\/\/noresa.es\/ca\/wp-json\/wp\/v2\/pages\/867","targetHints":{"allow":["GET"]}}],"collection":[{"href":"https:\/\/noresa.es\/ca\/wp-json\/wp\/v2\/pages"}],"about":[{"href":"https:\/\/noresa.es\/ca\/wp-json\/wp\/v2\/types\/page"}],"author":[{"embeddable":true,"href":"https:\/\/noresa.es\/ca\/wp-json\/wp\/v2\/users\/1"}],"replies":[{"embeddable":true,"href":"https:\/\/noresa.es\/ca\/wp-json\/wp\/v2\/comments?post=867"}],"version-history":[{"count":1,"href":"https:\/\/noresa.es\/ca\/wp-json\/wp\/v2\/pages\/867\/revisions"}],"predecessor-version":[{"id":868,"href":"https:\/\/noresa.es\/ca\/wp-json\/wp\/v2\/pages\/867\/revisions\/868"}],"wp:attachment":[{"href":"https:\/\/noresa.es\/ca\/wp-json\/wp\/v2\/media?parent=867"}],"curies":[{"name":"wp","href":"https:\/\/api.w.org\/{rel}","templated":true}]}}