{"id":865,"date":"2023-09-05T11:42:13","date_gmt":"2023-09-05T11:42:13","guid":{"rendered":"https:\/\/noresa.es\/?page_id=865"},"modified":"2023-09-05T11:42:14","modified_gmt":"2023-09-05T11:42:14","slug":"aviso-legal","status":"publish","type":"page","link":"https:\/\/noresa.es\/ca\/aviso-legal\/","title":{"rendered":"Av\u00eds legal"},"content":{"rendered":"<h1 class=\"wp-block-heading\">Av\u00eds legal<\/h1>\n\n\n\n<p>L\u00b4\u00fas d\u00b4aquest lloc web, www.noresa.es, implica l\u00b4acceptaci\u00f3 d\u00b4aquests termes. Si no esteu d'acord amb ells, us preguem que no utilitzeu aquest lloc web.<\/p>\n\n\n\n<p>Aquest Av\u00eds Legal regula l'\u00fas del lloc web www.noresa.es sent el seu titular Noresa Engineering Group Sl<\/p>\n\n\n\n<p><strong>Responsable del tractament de les teves dades personals<\/strong><strong>.<\/strong><\/p>\n\n\n\n<ul class=\"wp-block-list\">\n<li><strong>Identitat del Responsable<\/strong>: Noresa Engineering Group Sl<\/li>\n\n\n\n<li><strong>NIF<\/strong>: B66283391<\/li>\n\n\n\n<li><strong>Correu electr\u00f2nic<\/strong>: noresa@noresa.com<\/li>\n\n\n\n<li><strong>Web<\/strong>: www.noresa.es<\/li>\n\n\n\n<li><strong>Tel\u00e9fon<\/strong>: 93 829 60 68<\/li>\n<\/ul>\n\n\n\n<p>En compliment del que disposa el Reglament Europeu 2016\/679 de Protecci\u00f3 de Dades de Car\u00e0cter Personal, RGPD, i la Llei Org\u00e0nica 3\/2018, LOPD-GDD, Noresa Engineering Group Sl, us informa que, les dades de car\u00e0cter personal que ens proporcioneu a trav\u00e9s del nostre formulari de Contacte a la nostra p\u00e0gina web, es recolliran a les nostres bases de dades sent responsable Noresa Engineering Group Sl.<\/p>\n\n\n\n<p>Podr\u00e0 exercir els seus drets d'acc\u00e9s, rectificaci\u00f3, portabilitat i supressi\u00f3 de les seves dades i els de limitaci\u00f3 i oposici\u00f3 al seu tractament en els termes i en les condicions previstes a la normativa legal vigent, adre\u00e7ant-se per escrit a Noresa Engineering Group Sl amb un e- mail a noresa@noresa.com.<\/p>\n\n\n\n<p>De conformitat amb l'article 32 del RGPD i amb el marc normatiu general de protecci\u00f3 de dades, Noresa Engineering Group Sl ha adoptat les mesures de seguretat, t\u00e8cniques, organitzatives i de control proactiu necess\u00e0ries. Tot aix\u00f2, en funci\u00f3 de lan\u00e0lisi pr\u00e8via del risc de les operacions de tractament realitzades.<\/p>\n\n\n\n<p>Noresa Engineering Group Sl es compromet a portar un registre de les activitats de tractament tal com es disposa a l'article 30.2 del RGPD.<\/p>\n\n\n\n<p>Us preguem que comuniqueu immediatament a Noresa Engineering Group Sl qualsevol modificaci\u00f3 de les vostres dades de car\u00e0cter personal perqu\u00e8 la informaci\u00f3 que contenen els nostres fitxers estigui sempre actualitzada i no contingui errors.<\/p>\n\n\n\n<p>Aix\u00ed mateix, amb l'acceptaci\u00f3 d'aquest Av\u00eds Legal reconeix que la informaci\u00f3 i les dades personals recollides s\u00f3n exactes i veraces. La recollida de les vostres dades de car\u00e0cter personal es realitza amb la finalitat de prestar els serveis sol\u00b7licitats i remetre-vos informaci\u00f3 sobre l'entitat o ofertes comercials d'altres productes i serveis, avisos i, en general, informaci\u00f3 de Noresa Engineering Group Sl que pugui ser del vostre inter\u00e8s. De conformitat amb el previst a la normativa actual vigent, en emplenar qualsevol dels formularis que apareixen a la nostra p\u00e0gina web, d\u00f3na el seu consentiment perqu\u00e8 les seves dades siguin tractades, per tal de dirigir informaci\u00f3, sempre en l'\u00e0mbit de les funcions leg\u00edtimes de cedent i cessionari.<\/p>\n\n\n\n<p>Tamb\u00e9 autoritza Noresa Engineering Group Sl perqu\u00e8 li puguin remetre comunicacions comercials a trav\u00e9s del correu electr\u00f2nic o de qualsevol altre mitj\u00e0 de comunicaci\u00f3 electr\u00f2nica equivalent. Les autoritzacions per a l'enviament d'informaci\u00f3 comercial, cessi\u00f3 de dades i enviament de comunicacions comercials per mitjans electr\u00f2nics seran revocables, en qualsevol moment, mitjan\u00e7ant comunicaci\u00f3 escrita adre\u00e7ada a Noresa Engineering Group Sl a l'adre\u00e7a abans esmentada, en qu\u00e8 haureu d'indicar les dades seg\u00fcents per a la seva identificaci\u00f3: nom i adre\u00e7a.<\/p>\n\n\n\n<p>Noresa Engineering Group Sl es compromet a tractar de manera absolutament confidencial les seves dades de car\u00e0cter personal i utilitzar-lo nom\u00e9s per a les finalitats indicades.<\/p>\n\n\n\n<p>Noresa Engineering Group Sl informa que procedir\u00e0 a tractar les dades de manera l\u00edcita, lleial, transparent, adequada, pertinent, limitada, exacta i actualitzada. \u00c9s per aix\u00f2 que Noresa Engineering Group Sl es compromet a adoptar totes les mesures raonables perqu\u00e8 aquests se suprimeixin o rectifiquin sense dilaci\u00f3 quan siguin inexactes.<\/p>\n\n\n\n<p>Aix\u00ed mateix, us informem que Noresa Engineering Group Sl t\u00e9 implantades les mesures t\u00e8cniques i organitzatives necess\u00e0ries per garantir la seguretat de les vostres dades de car\u00e0cter personal i evitar la seva alteraci\u00f3, p\u00e8rdua i tractament i\/o acc\u00e9s no autoritzat, tenint en compte l'estat de la tecnologia, la naturalesa de les dades emmagatzemades i els riscos, provinents de l'acci\u00f3 humana o del medi f\u00edsic i natural, a qu\u00e8 estan exposats.<\/p>\n\n\n\n<p><strong>Contingut, termes legals i responsabilitats.<\/strong><\/p>\n\n\n\n<p>El lloc web inclou continguts elaborats pel titular del mateix i els seus col\u00b7laboradors, els quals tenen fins merament informatius, ja que en alguna ocasi\u00f3, aquests podrien no reflectir lactualitat m\u00e9s recent, per la qual cosa en qualsevol moment aquests continguts podran ser modificats i\/ o substitu\u00efts per uns de nous, sense notificaci\u00f3 pr\u00e8via, ni responsabilitat.<\/p>\n\n\n\n<p>Els continguts del lloc web no poden ser considerats, en cap cas, com a substitutius de qualsevol tipus dassessorament. No hi haur\u00e0 cap mena de relaci\u00f3 comercial, professional, ni cap mena de relaci\u00f3 d'una altra \u00edndole amb els professionals que integren el lloc web pel sol fet de l'acc\u00e9s a ella per part dels usuaris.<\/p>\n\n\n\n<p>Per al cas d'existir enlla\u00e7os amb diferents llocs web, Noresa Engineering Group Sl, no es far\u00e0 responsable del contingut en no tenir control sobre aquests.<\/p>\n\n\n\n<p>L'usuari quan accedeix al lloc web, ho fa pel seu compte i risc. Noresa Engineering Group Sl no garanteix ni la rapidesa, ni la interrupci\u00f3, ni l'abs\u00e8ncia de virus al lloc web. Aix\u00ed mateix, el titular del lloc web, els col\u00b7laboradors, els seus socis, empleats i representants tampoc no podran ser considerats responsables per qualsevol dany derivat de la utilitzaci\u00f3 d'aquest lloc web, ni per qualsevol actuaci\u00f3 realitzada sobre la base de la informaci\u00f3 que s'hi facilita<\/p>\n\n\n\n<p>No es garanteix l'abs\u00e8ncia de virus o altres elements lesius que puguin causar danys o alteracions al sistema inform\u00e0tic, als documents electr\u00f2nics o als fitxers de l'usuari d'aquest lloc web. En conseq\u00fc\u00e8ncia, no es respon pels danys i perjudicis que aquests elements poguessin ocasionar a lusuari o tercers.<\/p>\n\n\n\n<p><strong>Modificacions<\/strong><strong>.<\/strong><\/p>\n\n\n\n<p>Noresa Engineering Group Sl es reserva el dret a realitzar les modificacions que consideri oportunes, sense previ av\u00eds, en el contingut del seu lloc web. Tant pel que fa als continguts del lloc web, com a les condicions d'\u00fas. Aquestes modificacions podran realitzar-se a trav\u00e9s del seu lloc web per qualsevol forma admissible en dret i seran de compliment obligat durant el temps en qu\u00e8 es trobin publicades al web i fins que no siguin modificades v\u00e0lidament per altres de posteriors.<\/p>\n\n\n\n<p><strong>Marques<\/strong><strong>.<\/strong><\/p>\n\n\n\n<p>A Noresa Engineering Group Sl pot ser que es mencionin de forma indirecta ia nivell informatiu alguns termes i logotips, que constitueixen marques registrades pels seus respectius propietaris, no fent-nos responsable de la utilitzaci\u00f3 inadequada que poguessin fer terceres persones respecte a aquestes marques.<\/p>\n\n\n\n<p><strong>Usuari i R\u00e8gim de Responsabilitats<\/strong><strong>.<\/strong><\/p>\n\n\n\n<p>La utilitzaci\u00f3 d'aquesta p\u00e0gina web us atribueix la seva condici\u00f3 d'usuari. Es recomana a l'usuari que llegeixi atentament i detingudament les condicions i instruccions publicades cada vegada que accedeixi a aquesta p\u00e0gina web, at\u00e8s que l'acc\u00e9s implica la lectura i l'acceptaci\u00f3. Mitjan\u00e7ant l'acc\u00e9s i \u00fas a www.noresa.es o qualsevol de les seves p\u00e0gines i subdominis, l'usuari manifesta el seu acord de forma expressa, plena i sense reserves a les condicions i instruccions publicades a l'av\u00eds legal en el moment de l'acc\u00e9s sense perjudici de l'aplicaci\u00f3 de la corresponent normativa de compliment legal obligat segons el cas.<\/p>\n\n\n\n<p>El lloc web de Noresa Engineering Group Sl proporciona una gran diversitat d'informaci\u00f3, serveis i dades. L'usuari assumeix la responsabilitat en l'\u00fas correcte del lloc web. Aquesta responsabilitat s'estendr\u00e0 a:<\/p>\n\n\n\n<p>La veracitat i licitud de les informacions aportades per l'usuari als formularis estesos per Noresa Engineering Group Sl per a l'acc\u00e9s a certs continguts o serveis oferts pel web.<\/p>\n\n\n\n<p>L'\u00fas de la informaci\u00f3, serveis i dades ofertes per Noresa Engineering Group Sl contr\u00e0riament al que disposen aquestes condicions, la Llei, la moral, els bons costums o l'ordre p\u00fablic, o que de qualsevol altra manera puguin suposar lesi\u00f3 dels drets de tercers o del mateix funcionament del lloc web.<\/p>\n\n\n\n<p>Qualsevol utilitzaci\u00f3 diferent de l'autoritzada est\u00e0 expressament prohibida, i Noresa Engineering Group Sl queda facultat per denegar o retirar l'acc\u00e9s i l'\u00fas del Web, en qualsevol moment, i sense av\u00eds previ, a aquells usuaris que incompleixin aquestes condicions generals.<\/p>\n\n\n\n<p>Podr\u00e0 adre\u00e7ar-se a lAutoritat de Control competent per presentar la reclamaci\u00f3 que consideri oportuna.<\/p>\n\n\n\n<p><strong>Menors dedat.<\/strong><\/p>\n\n\n\n<p>Per a l\u00fas dels serveis, els menors dedat han dobtenir sempre pr\u00e8viament el consentiment dels pares, tutors o representants legals, responsables \u00faltims de tots els actes realitzats pels menors al seu c\u00e0rrec. La responsabilitat en la determinaci\u00f3 de continguts concrets a qu\u00e8 accedeixen els menors correspon a aquells, \u00e9s per aix\u00f2 que, si accedeixen a continguts no apropiats per a Internet, s'hauran d'establir als seus ordinadors mecanismes, en particular programes inform\u00e0tics, filtres i bloquejos, que permetin limitar els continguts disponibles i, encara que no siguin infal\u00b7libles, s\u00f3n d'especial utilitat per controlar i restringir els materials a qu\u00e8 poden accedir els menors.<\/p>\n\n\n\n<p><strong>Propietat Intel\u00b7lectual, Normativa i F\u00f2rum<\/strong><strong>.<\/strong><\/p>\n\n\n\n<p>El lloc web, incloent a t\u00edtol enunciatiu, per\u00f2 no limitatiu la seva programaci\u00f3, edici\u00f3, compilaci\u00f3 i altres elements necessaris per al seu funcionament, els dissenys, logotips, text i\/o gr\u00e0fics, s\u00f3n propietat de Noresa Engineering Group Sl o si escau disposa de llic\u00e8ncia o autoritzaci\u00f3 expressa per part dels autors.<\/p>\n\n\n\n<p>Tots els continguts del lloc web es troben degudament protegits per la normativa de propietat intel\u00b7lectual i industrial, aix\u00ed com els inscrits als registres p\u00fablics corresponents, i no es permet la reproducci\u00f3 i\/o publicaci\u00f3, total o parcial, del lloc web, ni el seu tractament inform\u00e0tic, la seva distribuci\u00f3, difusi\u00f3, modificaci\u00f3 o transformaci\u00f3, sense el perm\u00eds previ i per escrit.<\/p>\n\n\n\n<p>Els dissenys, logotips, text i\/o gr\u00e0fics aliens a Noresa Engineering Group Sl i que poguessin apar\u00e8ixer al lloc web, pertanyen als seus respectius propietaris, sent ells mateixos responsables de qualsevol possible controv\u00e8rsia que es pogu\u00e9s suscitar respecte a aquests. En tot cas, Noresa Engineering Group Sl compta amb l'autoritzaci\u00f3 expressa i pr\u00e8via per part dels mateixos. Noresa Engineering Group Sl reconeix a favor dels seus titulars els corresponents drets de propietat intel\u00b7lectual, i no implica la seva sola menci\u00f3 o aparici\u00f3 al lloc web l'exist\u00e8ncia de drets o responsabilitat de prestador sobre aquests, com tampoc suport, patrocini o recomanaci\u00f3 per aquest .<\/p>\n\n\n\n<p>L'usuari pot utilitzar el material que aparegui en aquest lloc web per a \u00fas personal i privat, quedant prohibit el seu \u00fas amb fins comercials. Noresa Engineering Group Sl vetllar\u00e0 pel compliment de les condicions anteriors, com per la deguda utilitzaci\u00f3 dels continguts presentats a les seves p\u00e0gines web, exercitant totes les accions civils i penals que li correspondran en el cas d'infracci\u00f3 o incompliment d'aquests drets per part del usuari.<\/p>\n\n\n\n<p><strong>Accions legals, legislaci\u00f3 aplicable i jurisdicci\u00f3<\/strong><strong>.<\/strong><\/p>\n\n\n\n<p>Les presents condicions d'\u00fas es regeixen per la legislaci\u00f3 espanyola, sent competents els jutjats i tribunals de la ciutat de Noresa Engineering Group Sl per con\u00e8ixer quantes q\u00fcestions se suscitin sobre la interpretaci\u00f3, l'aplicaci\u00f3 i el compliment d'aquestes. Els usuaris, per virtut de la seva acceptaci\u00f3 a les condicions generals recollides en aquest Av\u00eds Legal, renuncien expressament a qualsevol fur que, per aplicaci\u00f3 de la Llei d'Enjudiciament Civil vigent, els pugui correspondre.<\/p>\n\n\n\n<p>Noresa Engineering Group Sl es reserva, aix\u00ed mateix, la facultat de presentar les accions civils o penals que consideri oportunes per la utilitzaci\u00f3 indeguda del lloc web i continguts, o per l'incompliment de les presents condicions.<\/p>\n\n\n\n<p>La relaci\u00f3 entre l'usuari i el prestador es regir\u00e0 per la normativa vigent i aplicable al territori espanyol. Si sorgeix qualsevol controv\u00e8rsia les parts poden sotmetre els seus conflictes a arbitratge o acudir a la jurisdicci\u00f3 ordin\u00e0ria complint amb les normes sobre jurisdicci\u00f3 i compet\u00e8ncia sobre aix\u00f2. Noresa Engineering Group Sl t\u00e9 el domicili a Barcelona, \u200b\u200bEspanya.<\/p>\n\n\n\n<p>Les dades de car\u00e0cter personal que ens has facilitat de forma volunt\u00e0ria seran incorporades a un fitxer del qual \u00e9s titular Noresa Engineering Group Sl que s'utilitzar\u00e0 per gestionar la teva subscripci\u00f3 al nostre butllet\u00ed a trav\u00e9s del qual et mantindrem informat dels productes, novetats, sorteigs, serveis, esdeveniments i promocions de Noresa Engineering Group Sl, amb e-mail noresa@noresa.com, aix\u00ed com la gesti\u00f3 de la seva inscripci\u00f3 i participaci\u00f3 en sorteigs, concursos o esdeveniments que sol\u00b7liciti participar.<\/p>\n\n\n\n<p><strong>Subscripcions al butllet\u00ed de not\u00edcies<\/strong><strong>.<\/strong><\/p>\n\n\n\n<p>Nom\u00e9s poden prestar el consentiment persones majors de 16 anys.<\/p>\n\n\n\n<p>Les dades personals proporcionades es conservaran fins que se'n sol\u00b7liciti la supressi\u00f3 o revoqui el consentiment l'interessat.<\/p>\n\n\n\n<p>La base legal per al tractament de les vostres dades per tal de poder informar-vos per via electr\u00f2nica sobre els productes, novetats, sorteigs, serveis, esdeveniments i promocions de Noresa Engineering Group Sl aix\u00ed com la gesti\u00f3 de la vostra inscripci\u00f3 i participaci\u00f3 a sorteigs, concursos o esdeveniments que sol\u00b7licite, \u00e9s l'aportaci\u00f3 del consentiment. El consentiment ser\u00e0 v\u00e0lid fins que decideixi revocar-lo.<\/p>\n\n\n\n<p>Qualsevol persona t\u00e9 dret a obtenir confirmaci\u00f3 sobre si a Noresa Engineering Group Sl estem tractant dades personals que els concerneixin o no.<\/p>\n\n\n\n<p>Com a responsable del fitxer, l'empresa es compromet a respectar la confidencialitat de la vostra informaci\u00f3 de car\u00e0cter personal. Per exercitar els teus drets d'acc\u00e9s, rectificaci\u00f3, cancel\u00b7laci\u00f3 i oposici\u00f3 haur\u00e0s de remetre una comunicaci\u00f3 des del compte de correu electr\u00f2nic que vas fer servir per tramitar l'alta a noresa@noresa.com amb l'assumpte BAIXA. Tramitar la subscripci\u00f3 al butllet\u00ed presumir\u00e0 el teu consentiment per tractar les dades en els termes indicats.<\/p>\n\n\n\n<p>En el moment de la cancel\u00b7laci\u00f3 de les dades, nom\u00e9s les conservarem bloquejades en compliment d'obligacions legals.<\/p>\n\n\n\n<p><strong>Serveis de Contractaci\u00f3 per Internet<\/strong><strong>.<\/strong><\/p>\n\n\n\n<p>Certs continguts de la website de Noresa Engineering Group Sl contenen la possibilitat de contractaci\u00f3 per Internet. L'\u00fas d'aquests requerir\u00e0 la lectura i l'acceptaci\u00f3 obligat\u00f2ria de les condicions generals de contractaci\u00f3 establertes a aquest efecte per Noresa Engineering Group Sl.<\/p>\n\n\n\n<p><strong>Informaci\u00f3 b\u00e0sica<\/strong><strong>.<\/strong><\/p>\n\n\n\n<p><strong>Responsable del tractament<\/strong>: Noresa Engineering Group Sl<\/p>\n\n\n\n<p><strong>Finalitat del tractament<\/strong>: gestionar les consultes dels usuaris i atendre les sol\u00b7licituds.<\/p>\n\n\n\n<p>Base legal per al tractament: el consentiment atorgat amb l'acceptaci\u00f3 de la present Pol\u00edtica de Protecci\u00f3 de dades.<\/p>\n\n\n\n<p><strong>Destinataris de les dades<\/strong>: no seran comunicats a terceres persones excepte per obligaci\u00f3 legal.<\/p>\n\n\n\n<p><strong>Drets<\/strong>: per exercir els drets d'acc\u00e9s, rectificaci\u00f3, portabilitat i supressi\u00f3 de les vostres dades i les de limitaci\u00f3 i oposici\u00f3 al vostre tractament reconeguts per la normativa, podeu enviar un correu a noresa@noresa.com.<\/p>\n\n\n\n<p>Per a m\u00e9s informaci\u00f3 sobre aquest tractament i com exercir els vostres drets podeu consultar la nostra pol\u00edtica completa de protecci\u00f3 de dades a: www.noresa.es.<\/p>\n\n\n\n<p><strong>Cr\u00e8dits del website<\/strong><strong>.&nbsp;&nbsp;&nbsp;&nbsp;&nbsp;&nbsp;&nbsp;&nbsp;&nbsp;<\/strong><\/p>\n\n\n\n<p>Noresa Engineering Group Sl<\/p>\n\n\n\n<p>\u00a9 Dret de propietat i copyright<\/p>\n\n\n\n<p>noresa@noresa.com<\/p>\n\n\n\n<p>Carrer Mol\u00ed del Pont, n\u00b04 08470 Sant Celoni, Barcelona<\/p>\n\n\n\n<p>Telf. 93 829 60 68<\/p>","protected":false},"excerpt":{"rendered":"<p>Av\u00edso legal El uso de este sitio web, www.noresa.es, implica la aceptaci\u00f3n de estos t\u00e9rminos. Si no est\u00e1 de acuerdo con ellos, le rogamos que no utilice este sitio web. El presente Aviso Legal regula el uso del sitio web www.noresa.es siendo su titular Noresa Engineering Group Sl Responsable del tratamiento de tus datos personales. [&hellip;]<\/p>","protected":false},"author":1,"featured_media":0,"parent":0,"menu_order":0,"comment_status":"closed","ping_status":"closed","template":"","meta":{"_eb_attr":"","footnotes":""},"class_list":["post-865","page","type-page","status-publish","hentry"],"_links":{"self":[{"href":"https:\/\/noresa.es\/ca\/wp-json\/wp\/v2\/pages\/865","targetHints":{"allow":["GET"]}}],"collection":[{"href":"https:\/\/noresa.es\/ca\/wp-json\/wp\/v2\/pages"}],"about":[{"href":"https:\/\/noresa.es\/ca\/wp-json\/wp\/v2\/types\/page"}],"author":[{"embeddable":true,"href":"https:\/\/noresa.es\/ca\/wp-json\/wp\/v2\/users\/1"}],"replies":[{"embeddable":true,"href":"https:\/\/noresa.es\/ca\/wp-json\/wp\/v2\/comments?post=865"}],"version-history":[{"count":1,"href":"https:\/\/noresa.es\/ca\/wp-json\/wp\/v2\/pages\/865\/revisions"}],"predecessor-version":[{"id":866,"href":"https:\/\/noresa.es\/ca\/wp-json\/wp\/v2\/pages\/865\/revisions\/866"}],"wp:attachment":[{"href":"https:\/\/noresa.es\/ca\/wp-json\/wp\/v2\/media?parent=865"}],"curies":[{"name":"wp","href":"https:\/\/api.w.org\/{rel}","templated":true}]}}