{"id":224,"date":"2018-06-19T10:44:17","date_gmt":"2018-06-19T10:44:17","guid":{"rendered":"https:\/\/betanoresa.totmedia.net\/?page_id=224"},"modified":"2023-05-12T17:05:25","modified_gmt":"2023-05-12T17:05:25","slug":"sobre-nosotros","status":"publish","type":"page","link":"https:\/\/noresa.es\/ca\/sobre-nosotros\/","title":{"rendered":"Sobre nosaltres"},"content":{"rendered":"<div data-elementor-type=\"wp-page\" data-elementor-id=\"224\" class=\"elementor elementor-224\">\n\t\t\t\t\t\t<div class=\"elementor-inner\">\n\t\t\t\t<div class=\"elementor-section-wrap\">\n\t\t\t\t\t\t\t\t\t<section class=\"elementor-section elementor-top-section elementor-element elementor-element-7c89838d elementor-section-stretched elementor-section-height-min-height elementor-section-boxed elementor-section-height-default elementor-section-items-middle\" data-id=\"7c89838d\" data-element_type=\"section\" data-settings=\"{&quot;stretch_section&quot;:&quot;section-stretched&quot;,&quot;background_background&quot;:&quot;classic&quot;}\">\n\t\t\t\t\t\t<div class=\"elementor-container elementor-column-gap-default\">\n\t\t\t\t\t\t\t<div class=\"elementor-row\">\n\t\t\t\t\t<div class=\"aux-parallax-section elementor-column elementor-col-100 elementor-top-column elementor-element elementor-element-51ad86fa aux-appear-watch-animation aux-fade-in-right\" data-id=\"51ad86fa\" data-element_type=\"column\">\n\t\t\t<div class=\"elementor-column-wrap elementor-element-populated\">\n\t\t\t\t\t\t\t<div class=\"elementor-widget-wrap\">\n\t\t\t\t\t\t<div class=\"elementor-element elementor-element-65ae90d0 elementor-widget elementor-widget-aux_modern_heading\" data-id=\"65ae90d0\" data-element_type=\"widget\" data-widget_type=\"aux_modern_heading.default\">\n\t\t\t\t<div class=\"elementor-widget-container\">\n\t\t\t<section class=\"aux-widget-modern-heading\">\n            <div class=\"aux-widget-inner\"><h2 class=\"aux-modern-heading-primary\">Sobre nosaltres<\/h2><\/div>\n        <\/section>\t\t<\/div>\n\t\t\t\t<\/div>\n\t\t\t\t<div class=\"elementor-element elementor-element-8b41f70 elementor-widget elementor-widget-aux_breadcrumbs\" data-id=\"8b41f70\" data-element_type=\"widget\" data-widget_type=\"aux_breadcrumbs.default\">\n\t\t\t\t<div class=\"elementor-widget-container\">\n\t\t\t<div class=\"aux-elementor-breadcrumbs\"><p class=\"aux-breadcrumbs\"><span class=\"aux-breadcrumb-sep breadcrumb-icon auxicon-chevron-right-1\"><\/span><span><a href=\"https:\/\/noresa.es\/ca\" title=\"Home\">Home<\/a><\/span><\/div>\t\t<\/div>\n\t\t\t\t<\/div>\n\t\t\t\t\t\t<\/div>\n\t\t\t\t\t<\/div>\n\t\t<\/div>\n\t\t\t\t\t\t\t\t<\/div>\n\t\t\t\t\t<\/div>\n\t\t<\/section>\n\t\t\t\t<section class=\"elementor-section elementor-top-section elementor-element elementor-element-ca2a472 elementor-section-content-middle elementor-section-boxed elementor-section-height-default elementor-section-height-default\" data-id=\"ca2a472\" data-element_type=\"section\">\n\t\t\t\t\t\t<div class=\"elementor-container elementor-column-gap-default\">\n\t\t\t\t\t\t\t<div class=\"elementor-row\">\n\t\t\t\t\t<div class=\"aux-parallax-section elementor-column elementor-col-50 elementor-top-column elementor-element elementor-element-2ce959dd\" data-id=\"2ce959dd\" data-element_type=\"column\">\n\t\t\t<div class=\"elementor-column-wrap elementor-element-populated\">\n\t\t\t\t\t\t\t<div class=\"elementor-widget-wrap\">\n\t\t\t\t\t\t<div class=\"elementor-element elementor-element-49d9de1 aux-appear-watch-animation aux-fade-in-up elementor-widget elementor-widget-aux_modern_heading\" data-id=\"49d9de1\" data-element_type=\"widget\" data-widget_type=\"aux_modern_heading.default\">\n\t\t\t\t<div class=\"elementor-widget-container\">\n\t\t\t<section class=\"aux-widget-modern-heading\">\n            <div class=\"aux-widget-inner\"><h2 class=\"aux-modern-heading-primary\">SOBRE NOSALTRES<\/h2><h3 class=\"aux-modern-heading-secondary\"><span class=\"aux-head-before\">A NORESA som un grup interdisciplinari amb un objectiu \u00fanic, l'excel\u00b7l\u00e8ncia.<\/span><\/h3><div class=\"aux-modern-heading-divider\"><\/div><div class=\"aux-modern-heading-description\"><p class=\"p1\"><span class=\"s1\">\u00a0<\/span><span class=\"s1\">La nostra experi\u00e8ncia en diversos sectors, INDUSTRIAL, REHABILITACI\u00d3 i MANTENIMENT al llarg de m\u00e9s d'una d\u00e8cada, ens hi han posicionat fortament.<\/span><\/p><p class=\"p1\"><span class=\"s1\">La dedicaci\u00f3 i convicci\u00f3, ens impulsa avui a cr\u00e9ixer constantment, juntament amb els nostres clients. El nostre equip consta d'arquitectes, enginyers, dissenyadors i personal propi d'obra.<\/span><\/p><p class=\"p1\"><span class=\"s1\">Estem compromesos en oferir els millors serveis en la construcci\u00f3 de Cobertes i Fa\u00e7anes, tant\u00a0<b>ARQUITECT\u00d2NIQUES i INDUSTRIALS<\/b>, aix\u00ed com Elements auxiliars, Obra civil i Manteniments, amb el millor assessorament t\u00e8cnic, de disseny i dexecuci\u00f3, sense oblidar el factor econ\u00f2mic.<\/span><\/p><p class=\"p1\"><span class=\"s1\"><b>Noresa\u00a0<\/b>executa projectes de gran envergadura, aportant solucions arquitect\u00f2niques als seus clinets, comptem amb un equip experimentat al sector.\u00a0<\/span><\/p><p class=\"p1\"><span class=\"s1\">Un equip de t\u00e8cnics, fan que els nostres projectes es duguin a terme amb el m\u00e9s estricte control de costos, disseny i mesures de seguretat,\u00a0<b>complint el nou CTE<\/b>.\u00a0<\/span><\/p><\/div><\/div>\n        <\/section>\t\t<\/div>\n\t\t\t\t<\/div>\n\t\t\t\t\t\t<\/div>\n\t\t\t\t\t<\/div>\n\t\t<\/div>\n\t\t\t\t<div class=\"aux-parallax-section elementor-column elementor-col-50 elementor-top-column elementor-element elementor-element-1d8d0f19 aux-appear-watch-animation aux-scale-down\" data-id=\"1d8d0f19\" data-element_type=\"column\">\n\t\t\t<div class=\"elementor-column-wrap elementor-element-populated\">\n\t\t\t\t\t\t\t<div class=\"elementor-widget-wrap\">\n\t\t\t\t\t\t<div class=\"elementor-element elementor-element-2d5cedba elementor-widget elementor-widget-aux_image\" data-id=\"2d5cedba\" data-element_type=\"widget\" data-widget_type=\"aux_image.default\">\n\t\t\t\t<div class=\"elementor-widget-container\">\n\t\t\t<section class=\"widget-container aux-widget-image aux-alignnone aux-parent-aud72bd830\">\n    <div class=\"aux-media-hint-frame\">\n        <div class=\"aux-media-image\" >\n        \n            \n\n            \n            <img loading=\"lazy\" decoding=\"async\" width=\"784\" height=\"700\" src=\"image\/gif;base64,R0lGODlhAQABAIAAAAAAAP\/\/\/yH5BAEAAAAALAAAAAABAAEAAAIBRAA7\" class=\"aux-attachment aux-featured-image aux-attachment-id-474 aux-preload aux-blank\" alt=\"Captura de Pantalla 2023-02-16 a las 22.20.59\" data-ratio=\"1.12\" data-original-w=\"1972\" sizes=\"auto\" data-srcset=\"https:\/\/noresa.es\/wp-content\/uploads\/2023\/02\/Captura-de-Pantalla-2023-02-16-a-las-22.20.59-150x134.png 150w,https:\/\/noresa.es\/wp-content\/uploads\/2023\/02\/Captura-de-Pantalla-2023-02-16-a-las-22.20.59-300x268.png 300w,https:\/\/noresa.es\/wp-content\/uploads\/2023\/02\/Captura-de-Pantalla-2023-02-16-a-las-22.20.59-768x686.png 768w,https:\/\/noresa.es\/wp-content\/uploads\/2023\/02\/Captura-de-Pantalla-2023-02-16-a-las-22.20.59-1024x914.png 1024w,https:\/\/noresa.es\/wp-content\/uploads\/2023\/02\/Captura-de-Pantalla-2023-02-16-a-las-22.20.59-784x700.png 784w\" data-src=\"https:\/\/noresa.es\/wp-content\/uploads\/2023\/02\/Captura-de-Pantalla-2023-02-16-a-las-22.20.59-784x700.png\" \/>            \n                <\/div>\n    <\/div>\n\n<\/section><!-- widget-container -->\t\t<\/div>\n\t\t\t\t<\/div>\n\t\t\t\t\t\t<\/div>\n\t\t\t\t\t<\/div>\n\t\t<\/div>\n\t\t\t\t\t\t\t\t<\/div>\n\t\t\t\t\t<\/div>\n\t\t<\/section>\n\t\t\t\t<section class=\"elementor-section elementor-top-section elementor-element elementor-element-561c777c elementor-section-boxed elementor-section-height-default elementor-section-height-default\" data-id=\"561c777c\" data-element_type=\"section\">\n\t\t\t\t\t\t<div class=\"elementor-container elementor-column-gap-default\">\n\t\t\t\t\t\t\t<div class=\"elementor-row\">\n\t\t\t\t\t<div class=\"aux-parallax-section elementor-column elementor-col-100 elementor-top-column elementor-element elementor-element-74dd3d00\" data-id=\"74dd3d00\" data-element_type=\"column\" data-settings=\"{&quot;background_background&quot;:&quot;classic&quot;}\">\n\t\t\t<div class=\"elementor-column-wrap elementor-element-populated\">\n\t\t\t\t\t<div class=\"elementor-background-overlay\"><\/div>\n\t\t\t\t\t\t\t<div class=\"elementor-widget-wrap\">\n\t\t\t\t\t\t<div class=\"elementor-element elementor-element-b236b17 aux-appear-watch-animation aux-scale-down elementor-widget elementor-widget-aux_modern_heading\" data-id=\"b236b17\" data-element_type=\"widget\" data-widget_type=\"aux_modern_heading.default\">\n\t\t\t\t<div class=\"elementor-widget-container\">\n\t\t\t<section class=\"aux-widget-modern-heading\">\n            <div class=\"aux-widget-inner\"><h2 class=\"aux-modern-heading-primary\">\u201c<\/h2><div class=\"aux-modern-heading-description\"><p><span class=\"s1\">Realitzem\u00a0<b>pressupost sense comprom\u00eds<\/b>, assessorament des de l'avantprojecte i durant el projecte, aportem solucions contrastades i valorades seguint el concepte arquitect\u00f2nic, respectant la valoraci\u00f3 de la inversi\u00f3<\/span><\/p><\/div><\/div>\n        <\/section>\t\t<\/div>\n\t\t\t\t<\/div>\n\t\t\t\t\t\t<\/div>\n\t\t\t\t\t<\/div>\n\t\t<\/div>\n\t\t\t\t\t\t\t\t<\/div>\n\t\t\t\t\t<\/div>\n\t\t<\/section>\n\t\t\t\t\t\t\t\t\t<\/div>\n\t\t\t<\/div>\n\t\t\t\t\t<\/div>","protected":false},"excerpt":{"rendered":"<p>Sobre nosotros Inicio SOBRE NOSOTROS En\u00a0NORESA\u00a0somos un grupo interdisciplinario con un objetivo \u00fanico, la excelencia. \u00a0Nuestra experiencia en diversos sectores, INDUSTRIAL, REHABILITACI\u00d3N y MANTENIMIENTO a lo largo de m\u00e1s de una d\u00e9cada, nos han posicionado fuertemente en ellos. La dedicaci\u00f3n y convicci\u00f3n, nos impulsa hoy a crecer constantemente, junto a nuestros clientes. Nuestro equipo consta [&hellip;]<\/p>","protected":false},"author":1,"featured_media":0,"parent":0,"menu_order":0,"comment_status":"closed","ping_status":"closed","template":"templates\/page-builder-content.php","meta":{"_eb_attr":"","footnotes":""},"class_list":["post-224","page","type-page","status-publish","hentry"],"_links":{"self":[{"href":"https:\/\/noresa.es\/ca\/wp-json\/wp\/v2\/pages\/224","targetHints":{"allow":["GET"]}}],"collection":[{"href":"https:\/\/noresa.es\/ca\/wp-json\/wp\/v2\/pages"}],"about":[{"href":"https:\/\/noresa.es\/ca\/wp-json\/wp\/v2\/types\/page"}],"author":[{"embeddable":true,"href":"https:\/\/noresa.es\/ca\/wp-json\/wp\/v2\/users\/1"}],"replies":[{"embeddable":true,"href":"https:\/\/noresa.es\/ca\/wp-json\/wp\/v2\/comments?post=224"}],"version-history":[{"count":13,"href":"https:\/\/noresa.es\/ca\/wp-json\/wp\/v2\/pages\/224\/revisions"}],"predecessor-version":[{"id":677,"href":"https:\/\/noresa.es\/ca\/wp-json\/wp\/v2\/pages\/224\/revisions\/677"}],"wp:attachment":[{"href":"https:\/\/noresa.es\/ca\/wp-json\/wp\/v2\/media?parent=224"}],"curies":[{"name":"wp","href":"https:\/\/api.w.org\/{rel}","templated":true}]}}